{"id":4660,"date":"2022-09-07T04:09:27","date_gmt":"2022-09-07T04:09:27","guid":{"rendered":"https:\/\/kodesolution.com\/2022\/fesho\/?page_id=4660"},"modified":"2025-10-08T10:08:45","modified_gmt":"2025-10-08T08:08:45","slug":"projects-gird","status":"publish","type":"page","link":"https:\/\/apprun.pl\/?page_id=4660","title":{"rendered":"Projects Gird"},"content":{"rendered":"\t\t<div data-elementor-type=\"wp-page\" data-elementor-id=\"4660\" class=\"elementor elementor-4660\">\n\t\t\t\t<div class=\"elementor-element elementor-element-f7d17a1 e-flex e-con-boxed e-con e-parent\" data-id=\"f7d17a1\" data-element_type=\"container\">\n\t\t\t\t\t<div class=\"e-con-inner\">\n\t\t<div class=\"elementor-element elementor-element-f970c80 e-con-full e-flex e-con e-child\" data-id=\"f970c80\" data-element_type=\"container\">\n\t\t\t\t<div class=\"elementor-element elementor-element-952af85 elementor-widget elementor-widget-heading\" data-id=\"952af85\" data-element_type=\"widget\" data-widget_type=\"heading.default\">\n\t\t\t\t\t<h2 class=\"elementor-heading-title elementor-size-default\">AppRun - System Rezerwacji<\/h2>\t\t\t\t<\/div>\n\t\t\t\t<\/div>\n\t\t\t\t<div class=\"elementor-element elementor-element-07d757a elementor-widget elementor-widget-image\" data-id=\"07d757a\" data-element_type=\"widget\" data-widget_type=\"image.default\">\n\t\t\t\t\t\t\t\t\t\t\t\t\t\t\t<img fetchpriority=\"high\" decoding=\"async\" width=\"1024\" height=\"683\" src=\"https:\/\/apprun.pl\/wp-content\/uploads\/2025\/10\/prototyp.png\" class=\"attachment-large size-large wp-image-45172\" alt=\"\" srcset=\"https:\/\/apprun.pl\/wp-content\/uploads\/2025\/10\/prototyp.png 1536w, https:\/\/apprun.pl\/wp-content\/uploads\/2025\/10\/prototyp-300x200.png 300w\" sizes=\"(max-width: 1024px) 100vw, 1024px\" \/>\t\t\t\t\t\t\t\t\t\t\t\t\t\t\t<\/div>\n\t\t<div class=\"elementor-element elementor-element-4a3ced0 e-con-full e-flex e-con e-child\" data-id=\"4a3ced0\" data-element_type=\"container\">\n\t\t\t\t<\/div>\n\t\t<div class=\"elementor-element elementor-element-322a327 e-con-full e-flex e-con e-child\" data-id=\"322a327\" data-element_type=\"container\">\n\t\t\t\t<div class=\"elementor-element elementor-element-ac46a5d elementor-widget elementor-widget-heading\" data-id=\"ac46a5d\" data-element_type=\"widget\" data-widget_type=\"heading.default\">\n\t\t\t\t\t<h2 class=\"elementor-heading-title elementor-size-default\">AppRun - Zarz\u0105dzanie projektami<\/h2>\t\t\t\t<\/div>\n\t\t\t\t<\/div>\n\t\t\t\t<div class=\"elementor-element elementor-element-6287363 elementor-widget elementor-widget-image\" data-id=\"6287363\" data-element_type=\"widget\" data-widget_type=\"image.default\">\n\t\t\t\t\t\t\t\t\t\t\t\t\t\t\t<img decoding=\"async\" width=\"1024\" height=\"683\" src=\"https:\/\/apprun.pl\/wp-content\/uploads\/2025\/10\/zarzadzanie.png\" class=\"attachment-large size-large wp-image-45183\" alt=\"\" srcset=\"https:\/\/apprun.pl\/wp-content\/uploads\/2025\/10\/zarzadzanie.png 1536w, https:\/\/apprun.pl\/wp-content\/uploads\/2025\/10\/zarzadzanie-300x200.png 300w\" sizes=\"(max-width: 1024px) 100vw, 1024px\" \/>\t\t\t\t\t\t\t\t\t\t\t\t\t\t\t<\/div>\n\t\t<div class=\"elementor-element elementor-element-b1d3d39 e-con-full e-flex e-con e-child\" data-id=\"b1d3d39\" data-element_type=\"container\">\n\t\t\t\t<\/div>\n\t\t\t\t\t<\/div>\n\t\t\t\t<\/div>\n\t\t\t\t<section class=\"elementor-section elementor-top-section elementor-element elementor-element-626e80e elementor-section-stretched elementor-section-boxed elementor-section-height-default elementor-section-height-default tm-col-stretched-none tm-bg-color-over-image\" data-id=\"626e80e\" data-element_type=\"section\" data-settings=\"{&quot;stretch_section&quot;:&quot;section-stretched&quot;}\">\n\t\t\t\t\t\t<div class=\"elementor-container elementor-column-gap-extended\">\n\t\t\t\t\t<div class=\"elementor-column elementor-col-100 elementor-top-column elementor-element elementor-element-3c6ecd7 tm-bg-color-over-image\" data-id=\"3c6ecd7\" data-element_type=\"column\">\n\t\t\t<div class=\"elementor-widget-wrap elementor-element-populated\">\n\t\t\t\t\t\t<div class=\"elementor-element elementor-element-50c1680 elementor-widget elementor-widget-tm-ele-cpt-projects\" data-id=\"50c1680\" data-element_type=\"widget\" data-widget_type=\"tm-ele-cpt-projects.skin-style-current-theme1\">\n\t\t\t\t<div class=\"elementor-widget-container\">\n\t\t\t\t\t\r\n\t<div class=\"tm-sc-projects tm-sc-projects-grid border-radius-around-box\">\r\n\t\t\r\n\t\r\n\t\t<!-- Isotope Gallery Grid -->\r\n\t\t<div id=\"projects-holder-901261\" class=\"isotope-layout grid-3 gutter-15 clearfix\">\r\n\t\t\t<div class=\"isotope-layout-inner\">\r\n\r\n                <!-- the loop -->\r\n                                                <div class=\"isotope-item design\">\r\n                    <div class=\"type-projects projects-current-theme1\">\r\n\t<div class=\"image-box\">\r\n\t\t<div class=\"image\">\r\n\t\t\t<img decoding=\"async\" width=\"600\" height=\"800\" src=\"https:\/\/apprun.pl\/wp-content\/uploads\/2022\/08\/project-bg3-600x800.jpg\" class=\"img-fullwidth wp-post-image\" alt=\"\" srcset=\"https:\/\/apprun.pl\/wp-content\/uploads\/2022\/08\/project-bg3-600x800.jpg 600w, https:\/\/apprun.pl\/wp-content\/uploads\/2022\/08\/project-bg3-400x532.jpg 400w\" sizes=\"(max-width: 600px) 100vw, 600px\" \/>\t\t\t<\/div>\r\n\t\t<div class=\"caption-box\">\r\n\t\t\t\t\t\t\t<h4 class=\"title\"><a href=\"https:\/\/apprun.pl\/?projects=worktime\">WorkTime &#8211; rejestracja obecno\u015bci pracownik\u00f3w<\/a><\/h4>\r\n\t\t\t\t\t<\/div>\r\n\t<\/div>\r\n<\/div>                <\/div>\r\n                                                <div class=\"isotope-item graphics\">\r\n                    <div class=\"type-projects projects-current-theme1\">\r\n\t<div class=\"image-box\">\r\n\t\t<div class=\"image\">\r\n\t\t\t<img loading=\"lazy\" decoding=\"async\" width=\"600\" height=\"800\" src=\"https:\/\/apprun.pl\/wp-content\/uploads\/2023\/02\/project-bg4-600x800.jpg\" class=\"img-fullwidth wp-post-image\" alt=\"\" srcset=\"https:\/\/apprun.pl\/wp-content\/uploads\/2023\/02\/project-bg4-600x800.jpg 600w, https:\/\/apprun.pl\/wp-content\/uploads\/2023\/02\/project-bg4-400x532.jpg 400w\" sizes=\"(max-width: 600px) 100vw, 600px\" \/>\t\t\t<\/div>\r\n\t\t<div class=\"caption-box\">\r\n\t\t\t\t\t\t\t<h4 class=\"title\"><a href=\"https:\/\/apprun.pl\/?projects=easybook\">EasyBook &#8211; aplikacja do rezerwacji us\u0142ug<\/a><\/h4>\r\n\t\t\t\t\t<\/div>\r\n\t<\/div>\r\n<\/div>                <\/div>\r\n                                                <div class=\"isotope-item idea\">\r\n                    <div class=\"type-projects projects-current-theme1\">\r\n\t<div class=\"image-box\">\r\n\t\t<div class=\"image\">\r\n\t\t\t<img loading=\"lazy\" decoding=\"async\" width=\"600\" height=\"800\" src=\"https:\/\/apprun.pl\/wp-content\/uploads\/2022\/08\/project-bg1-600x800.jpg\" class=\"img-fullwidth wp-post-image\" alt=\"\" srcset=\"https:\/\/apprun.pl\/wp-content\/uploads\/2022\/08\/project-bg1-600x800.jpg 600w, https:\/\/apprun.pl\/wp-content\/uploads\/2022\/08\/project-bg1-400x532.jpg 400w\" sizes=\"(max-width: 600px) 100vw, 600px\" \/>\t\t\t<\/div>\r\n\t\t<div class=\"caption-box\">\r\n\t\t\t\t\t\t\t<h4 class=\"title\"><a href=\"https:\/\/apprun.pl\/?projects=stockmate\">StockMate &#8211; mobilny system zarz\u0105dzania magazynem i zapasami<\/a><\/h4>\r\n\t\t\t\t\t<\/div>\r\n\t<\/div>\r\n<\/div>                <\/div>\r\n                                                <div class=\"isotope-item technology\">\r\n                    <div class=\"type-projects projects-current-theme1\">\r\n\t<div class=\"image-box\">\r\n\t\t<div class=\"image\">\r\n\t\t\t<img loading=\"lazy\" decoding=\"async\" width=\"600\" height=\"800\" src=\"https:\/\/apprun.pl\/wp-content\/uploads\/2022\/08\/project-bg2-600x800.jpg\" class=\"img-fullwidth wp-post-image\" alt=\"\" srcset=\"https:\/\/apprun.pl\/wp-content\/uploads\/2022\/08\/project-bg2-600x800.jpg 600w, https:\/\/apprun.pl\/wp-content\/uploads\/2022\/08\/project-bg2-400x532.jpg 400w\" sizes=\"(max-width: 600px) 100vw, 600px\" \/>\t\t\t<\/div>\r\n\t\t<div class=\"caption-box\">\r\n\t\t\t\t\t\t\t<h4 class=\"title\"><a href=\"https:\/\/apprun.pl\/?projects=web-development\">Web development<\/a><\/h4>\r\n\t\t\t\t\t<\/div>\r\n\t<\/div>\r\n<\/div>                <\/div>\r\n                                                <div class=\"isotope-item idea\">\r\n                    <div class=\"type-projects projects-current-theme1\">\r\n\t<div class=\"image-box\">\r\n\t\t<div class=\"image\">\r\n\t\t\t<img loading=\"lazy\" decoding=\"async\" width=\"600\" height=\"800\" src=\"https:\/\/apprun.pl\/wp-content\/uploads\/2023\/02\/news-bg03-600x800.jpg\" class=\"img-fullwidth wp-post-image\" alt=\"\" srcset=\"https:\/\/apprun.pl\/wp-content\/uploads\/2023\/02\/news-bg03-600x800.jpg 600w, https:\/\/apprun.pl\/wp-content\/uploads\/2023\/02\/news-bg03-400x532.jpg 400w\" sizes=\"(max-width: 600px) 100vw, 600px\" \/>\t\t\t<\/div>\r\n\t\t<div class=\"caption-box\">\r\n\t\t\t\t\t\t\t<h4 class=\"title\"><a href=\"https:\/\/apprun.pl\/?projects=product-design\">Product &amp; design<\/a><\/h4>\r\n\t\t\t\t\t<\/div>\r\n\t<\/div>\r\n<\/div>                <\/div>\r\n                                                <div class=\"isotope-item seo\">\r\n                    <div class=\"type-projects projects-current-theme1\">\r\n\t<div class=\"image-box\">\r\n\t\t<div class=\"image\">\r\n\t\t\t<img loading=\"lazy\" decoding=\"async\" width=\"600\" height=\"800\" src=\"https:\/\/apprun.pl\/wp-content\/uploads\/2023\/02\/news-bg02-600x800.jpg\" class=\"img-fullwidth wp-post-image\" alt=\"\" srcset=\"https:\/\/apprun.pl\/wp-content\/uploads\/2023\/02\/news-bg02-600x800.jpg 600w, https:\/\/apprun.pl\/wp-content\/uploads\/2023\/02\/news-bg02-400x532.jpg 400w\" sizes=\"(max-width: 600px) 100vw, 600px\" \/>\t\t\t<\/div>\r\n\t\t<div class=\"caption-box\">\r\n\t\t\t\t\t\t\t<h4 class=\"title\"><a href=\"https:\/\/apprun.pl\/?projects=analytic-solutions\">Analytic solutions<\/a><\/h4>\r\n\t\t\t\t\t<\/div>\r\n\t<\/div>\r\n<\/div>                <\/div>\r\n                                <!-- end of the loop -->\r\n\t\t\t<\/div>\r\n\t\t<\/div>\r\n\t\t\t<\/div>\r\n\r\n\r\n\t\t\t\t<\/div>\n\t\t\t\t<\/div>\n\t\t\t\t\t<\/div>\n\t\t<\/div>\n\t\t\t\t\t<\/div>\n\t\t<\/section>\n\t\t\t\t<\/div>\n\t\t","protected":false},"excerpt":{"rendered":"<p>AppRun &#8211; System Rezerwacji AppRun &#8211; Zarz\u0105dzanie projektami WorkTime &#8211; rejestracja obecno\u015bci pracownik\u00f3w EasyBook &#8211; aplikacja do rezerwacji us\u0142ug StockMate&#8230;<\/p>\n","protected":false},"author":1,"featured_media":0,"parent":0,"menu_order":0,"comment_status":"closed","ping_status":"closed","template":"","meta":{"footnotes":""},"class_list":["post-4660","page","type-page","status-publish","hentry"],"_links":{"self":[{"href":"https:\/\/apprun.pl\/index.php?rest_route=\/wp\/v2\/pages\/4660","targetHints":{"allow":["GET"]}}],"collection":[{"href":"https:\/\/apprun.pl\/index.php?rest_route=\/wp\/v2\/pages"}],"about":[{"href":"https:\/\/apprun.pl\/index.php?rest_route=\/wp\/v2\/types\/page"}],"author":[{"embeddable":true,"href":"https:\/\/apprun.pl\/index.php?rest_route=\/wp\/v2\/users\/1"}],"replies":[{"embeddable":true,"href":"https:\/\/apprun.pl\/index.php?rest_route=%2Fwp%2Fv2%2Fcomments&post=4660"}],"version-history":[{"count":12,"href":"https:\/\/apprun.pl\/index.php?rest_route=\/wp\/v2\/pages\/4660\/revisions"}],"predecessor-version":[{"id":45191,"href":"https:\/\/apprun.pl\/index.php?rest_route=\/wp\/v2\/pages\/4660\/revisions\/45191"}],"wp:attachment":[{"href":"https:\/\/apprun.pl\/index.php?rest_route=%2Fwp%2Fv2%2Fmedia&parent=4660"}],"curies":[{"name":"wp","href":"https:\/\/api.w.org\/{rel}","templated":true}]}}